{"id":728,"date":"2021-05-10T08:46:09","date_gmt":"2021-05-10T07:46:09","guid":{"rendered":"https:\/\/www.hurricleanpbo.com\/ueber-uns\/"},"modified":"2024-08-26T13:57:34","modified_gmt":"2024-08-26T12:57:34","slug":"ueber-uns","status":"publish","type":"page","link":"https:\/\/www.hurricleanpbo.com\/de\/ueber-uns\/","title":{"rendered":"\u00dcber uns"},"content":{"rendered":"<p>[et_pb_section fb_built=&#8220;1&#8243; _builder_version=&#8220;4.16&#8243; _module_preset=&#8220;default&#8220; background_image=&#8220;https:\/\/www.hurricleanpbo.com\/wp-content\/uploads\/2021\/05\/Aboutus.jpg&#8220; min_height_tablet=&#8220;650px&#8220; min_height_phone=&#8220;&#8220; min_height_last_edited=&#8220;on|tablet&#8220; custom_css_before=&#8220;    content: %22%22;||    position: absolute;||    right: 0;||    bottom: 0;||    border-bottom: 150px solid;||    border-left: 150px solid;||    color: #FF5100;&#8220; global_colors_info=&#8220;{}&#8220;][et_pb_row column_structure=&#8220;1_2,1_2&#8243; _builder_version=&#8220;4.16&#8243; _module_preset=&#8220;default&#8220; global_colors_info=&#8220;{}&#8220;][et_pb_column type=&#8220;1_2&#8243; _builder_version=&#8220;4.16&#8243; _module_preset=&#8220;default&#8220; global_colors_info=&#8220;{}&#8220;][et_pb_text _builder_version=&#8220;4.16&#8243; _module_preset=&#8220;default&#8220; header_font=&#8220;|800||on|||||&#8220; header_text_color=&#8220;#FFFFFF&#8220; header_font_size=&#8220;55px&#8220; header_3_font=&#8220;|800|||||||&#8220; header_3_text_color=&#8220;gcid-fd6214f4-fc33-4afa-a9d8-c5fa0951d728&#8243; header_3_font_size=&#8220;45px&#8220; header_4_font=&#8220;|800|||||||&#8220; header_4_text_color=&#8220;#FFFFFF&#8220; header_4_font_size=&#8220;35px&#8220; custom_margin=&#8220;20px||||false|false&#8220; custom_margin_tablet=&#8220;&#8220; custom_margin_phone=&#8220;-20px||||false|false&#8220; custom_margin_last_edited=&#8220;on|phone&#8220; header_font_size_tablet=&#8220;&#8220; header_font_size_phone=&#8220;40px&#8220; header_font_size_last_edited=&#8220;on|phone&#8220; header_3_font_size_tablet=&#8220;&#8220; header_3_font_size_phone=&#8220;35px&#8220; header_3_font_size_last_edited=&#8220;on|phone&#8220; header_4_font_size_tablet=&#8220;&#8220; header_4_font_size_phone=&#8220;30px&#8220; header_4_font_size_last_edited=&#8220;on|phone&#8220; global_colors_info=&#8220;{%22gcid-fd6214f4-fc33-4afa-a9d8-c5fa0951d728%22:%91%22header_3_text_color%22%93}&#8220;]<\/p>\n<h1>Hurriclean<\/h1>\n<h3>Die L\u00f6sung #1<\/h3>\n<h4>Zur reinigung der trockenen luft ohne versch\u00fctten von pellets<\/h4>\n<p>[\/et_pb_text][et_pb_image src=&#8220;https:\/\/www.hurricleanpbo.com\/wp-content\/uploads\/2021\/05\/about-header-usps.svg&#8220; title_text=&#8220;about-header-usps&#8220; _builder_version=&#8220;4.16&#8243; _module_preset=&#8220;default&#8220; global_colors_info=&#8220;{}&#8220;][\/et_pb_image][\/et_pb_column][et_pb_column type=&#8220;1_2&#8243; _builder_version=&#8220;4.16&#8243; _module_preset=&#8220;default&#8220; global_colors_info=&#8220;{}&#8220;][\/et_pb_column][\/et_pb_row][\/et_pb_section][et_pb_section fb_built=&#8220;1&#8243; _builder_version=&#8220;4.16&#8243; _module_preset=&#8220;default&#8220; global_colors_info=&#8220;{}&#8220;][et_pb_row column_structure=&#8220;1_2,1_2&#8243; _builder_version=&#8220;4.16&#8243; _module_preset=&#8220;default&#8220; global_colors_info=&#8220;{}&#8220;][et_pb_column type=&#8220;1_2&#8243; _builder_version=&#8220;4.16&#8243; _module_preset=&#8220;default&#8220; global_colors_info=&#8220;{}&#8220;][et_pb_text _builder_version=&#8220;4.16&#8243; _module_preset=&#8220;default&#8220; header_2_font=&#8220;|700|||||||&#8220; header_2_text_color=&#8220;gcid-f0980653-3f49-448f-83a9-e73837296e9c&#8220; header_2_font_size=&#8220;40px&#8220; header_2_font_size_tablet=&#8220;&#8220; header_2_font_size_phone=&#8220;35px&#8220; header_2_font_size_last_edited=&#8220;on|phone&#8220; global_colors_info=&#8220;{%22gcid-f0980653-3f49-448f-83a9-e73837296e9c%22:%91%22header_2_text_color%22%93}&#8220;]<\/p>\n<h2>\u00dcber uns<\/h2>\n<p>Wir haben eine kollektive Verantwortung f\u00fcr unsere Umwelt und m\u00fcssen sicherstellen, dass wir sie mit gr\u00f6\u00dfter Sorgfalt behandeln. Die Hersteller und insbesondere der Petrochemiesektor tragen zunehmend einen Teil dieser Verantwortung. Der Transport von Granulat birgt ein ernstes Risiko des Versch\u00fcttens, und der Silotransport von Polymeren wird besonders intensiv gepr\u00fcft.<\/p>\n<p>Silo-LKWs und Massencontainer-Transportunternehmen, die petrochemische Standorte verlassen, k\u00f6nnen w\u00e4hrend der Fahrt Pellets versch\u00fctten, wobei Umweltverschmutzung eine sehr wahrscheinliche Folge ist.<\/p>\n<p>In Zusammenarbeit mit der Petrochemischen Industrie haben wir (<strong>Hanenberg Industrial Construction BV<\/strong>) eine L\u00f6sung entwickelt, um zu verhindern, dass Kunststoffpellets die Umwelt verschmutzen.<\/p>\n<p>Wir haben eine branchenspezifische Trockenluft-Reinigungsanlage entwickelt und implementiert, die jegliche Verschmutzung verhindert: HurriClean Pellet Blow-off.<\/p>\n<p>Voll kompatibel mit bekannten Programmen wie Operation Clean Sweep\u00ae. Wir liefern eine Plug-and-Play-L\u00f6sung, die wir in ca. 8 Wochen nach Auftragserteilung implementieren k\u00f6nnen.<\/p>\n<p>[\/et_pb_text][\/et_pb_column][et_pb_column type=&#8220;1_2&#8243; _builder_version=&#8220;4.16&#8243; _module_preset=&#8220;default&#8220; global_colors_info=&#8220;{}&#8220;][et_pb_image src=&#8220;https:\/\/www.hurricleanpbo.com\/wp-content\/uploads\/2021\/04\/AboutUsLogo.png&#8220; title_text=&#8220;AboutUsLogo&#8220; _builder_version=&#8220;4.16&#8243; _module_preset=&#8220;default&#8220; width_tablet=&#8220;75%&#8220; width_phone=&#8220;&#8220; width_last_edited=&#8220;on|tablet&#8220; global_colors_info=&#8220;{}&#8220;][\/et_pb_image][\/et_pb_column][\/et_pb_row][\/et_pb_section][et_pb_section fb_built=&#8220;1&#8243; custom_padding_last_edited=&#8220;on|phone&#8220; _builder_version=&#8220;4.16&#8243; _module_preset=&#8220;default&#8220; background_color=&#8220;gcid-f0980653-3f49-448f-83a9-e73837296e9c&#8220; custom_margin_tablet=&#8220;&#8220; custom_margin_phone=&#8220;||||false|false&#8220; custom_margin_last_edited=&#8220;on|tablet&#8220; custom_padding_tablet=&#8220;&#8220; custom_padding_phone=&#8220;|40px||40px|false|false&#8220; custom_css_before=&#8220;    content: %22%22;||    position: absolute;||    right: 0;||    bottom: 0;||    border-bottom: 150px solid;||    border-left: 150px solid;||    color: #FF5100;&#8220; global_colors_info=&#8220;{%22gcid-f0980653-3f49-448f-83a9-e73837296e9c%22:%91%22background_color%22%93}&#8220;][et_pb_row column_structure=&#8220;3_5,2_5&#8243; _builder_version=&#8220;4.16&#8243; _module_preset=&#8220;default&#8220; global_colors_info=&#8220;{}&#8220; custom_css_main_element_last_edited=&#8220;on|phone&#8220; custom_css_main_element_tablet=&#8220;display: flex;&#8220; custom_css_main_element_phone=&#8220;display: unset;&#8220;][et_pb_column type=&#8220;3_5&#8243; _builder_version=&#8220;4.16&#8243; _module_preset=&#8220;default&#8220; global_colors_info=&#8220;{}&#8220;][et_pb_text _builder_version=&#8220;4.16&#8243; _module_preset=&#8220;default&#8220; text_text_color=&#8220;#FFFFFF&#8220; header_2_font=&#8220;|700|||||||&#8220; header_2_text_color=&#8220;#FFFFFF&#8220; header_2_font_size=&#8220;40px&#8220; width_tablet=&#8220;150%&#8220; width_phone=&#8220;100%&#8220; width_last_edited=&#8220;on|tablet&#8220; max_width_tablet=&#8220;&#8220; max_width_phone=&#8220;&#8220; max_width_last_edited=&#8220;on|tablet&#8220; custom_margin=&#8220;|-100px|||false|false&#8220; header_2_font_size_tablet=&#8220;&#8220; header_2_font_size_phone=&#8220;35px&#8220; header_2_font_size_last_edited=&#8220;on|phone&#8220; global_colors_info=&#8220;{}&#8220;]<\/p>\n<h2>Besuchen Sie ein in Betrieb befindliches HurriClean Pellet Blow-Off-System<\/h2>\n<p>Wenn Sie weitere Informationen w\u00fcnschen oder einen Termin vereinbaren m\u00f6chten, bitten wir Sie, das Kontaktformular auszuf\u00fcllen und an uns zu senden. Wir werden uns dann so schnell wie m\u00f6glich mit Ihnen in Verbindung setzen.<\/p>\n<p>Auf Wunsch besteht nat\u00fcrlich auch die M\u00f6glichkeit, eine fertige und funktionierende Installation in Absprache zu besichtigen.<\/p>\n<p>[\/et_pb_text][et_pb_button button_url=&#8220;\/de\/kontakt\/&#8220; button_text=&#8220;Fordern Sie einen Besuch an&#8220; button_alignment_tablet=&#8220;left&#8220; button_alignment_phone=&#8220;left&#8220; button_alignment_last_edited=&#8220;on|phone&#8220; _builder_version=&#8220;4.16&#8243; _module_preset=&#8220;default&#8220; custom_button=&#8220;on&#8220; button_text_color=&#8220;#FFFFFF&#8220; button_border_color=&#8220;#FFFFFF&#8220; button_border_radius=&#8220;30px&#8220; button_use_icon=&#8220;off&#8220; button_border_width_last_edited=&#8220;off|desktop&#8220; global_colors_info=&#8220;{%22gcid-fd6214f4-fc33-4afa-a9d8-c5fa0951d728%22:%91%22button_text_color__hover%22%93}&#8220; button_bg_color__hover_enabled=&#8220;on|hover&#8220; button_bg_color__hover=&#8220;rgba(255,255,255,0.87)&#8220; button_bg_enable_color__hover=&#8220;on&#8220; button_text_color__hover_enabled=&#8220;on|hover&#8220; button_text_color__hover=&#8220;#ff5100&#8243;][\/et_pb_button][\/et_pb_column][et_pb_column type=&#8220;2_5&#8243; _builder_version=&#8220;4.16&#8243; _module_preset=&#8220;default&#8220; global_colors_info=&#8220;{}&#8220;][et_pb_image src=&#8220;https:\/\/www.hurricleanpbo.com\/wp-content\/uploads\/2021\/05\/Middel-5.svg&#8220; title_text=&#8220;Middel 5&#8243; align=&#8220;center&#8220; align_tablet=&#8220;right&#8220; align_phone=&#8220;left&#8220; align_last_edited=&#8220;on|tablet&#8220; _builder_version=&#8220;4.16&#8243; _module_preset=&#8220;default&#8220; max_width=&#8220;120px&#8220; custom_margin_tablet=&#8220;&#8220; custom_margin_phone=&#8220;20px||-20px||false|false&#8220; custom_margin_last_edited=&#8220;on|phone&#8220; global_colors_info=&#8220;{}&#8220;][\/et_pb_image][\/et_pb_column][\/et_pb_row][\/et_pb_section][et_pb_section fb_built=&#8220;1&#8243; admin_label=&#8220;Footer&#8220; _builder_version=&#8220;4.16&#8243; _module_preset=&#8220;default&#8220; background_enable_color=&#8220;off&#8220; top_divider_color=&#8220;#ffffff&#8220; top_divider_height=&#8220;80%&#8220; top_divider_flip=&#8220;vertical&#8220; saved_tabs=&#8220;all&#8220; locked=&#8220;off&#8220; global_colors_info=&#8220;{}&#8220;][et_pb_row column_structure=&#8220;1_4,1_4,1_4,1_4&#8243; _builder_version=&#8220;4.16&#8243; _module_preset=&#8220;default&#8220; global_colors_info=&#8220;{}&#8220;][et_pb_column type=&#8220;1_4&#8243; _builder_version=&#8220;4.16&#8243; _module_preset=&#8220;default&#8220; global_colors_info=&#8220;{}&#8220;][et_pb_text _builder_version=&#8220;4.16&#8243; _module_preset=&#8220;default&#8220; text_text_color=&#8220;#FFFFFF&#8220; text_line_height=&#8220;1.4em&#8220; header_2_line_height=&#8220;1.3em&#8220; header_3_font=&#8220;|700|||||||&#8220; header_3_text_color=&#8220;#000000&#8243; header_3_font_size=&#8220;16px&#8220; header_3_line_height=&#8220;1.6em&#8220; width=&#8220;500%&#8220; width_tablet=&#8220;200%&#8220; width_phone=&#8220;100%&#8220; width_last_edited=&#8220;on|phone&#8220; custom_margin=&#8220;||10px||false|false&#8220; text_font_size_tablet=&#8220;&#8220; text_font_size_phone=&#8220;14px&#8220; text_font_size_last_edited=&#8220;on|phone&#8220; text_line_height_tablet=&#8220;1.6em&#8220; text_line_height_phone=&#8220;1.8em&#8220; text_line_height_last_edited=&#8220;on|tablet&#8220; header_2_line_height_tablet=&#8220;1.5em&#8220; header_2_line_height_phone=&#8220;1.6em&#8220; header_2_line_height_last_edited=&#8220;on|desktop&#8220; header_3_font_size_tablet=&#8220;18px&#8220; header_3_font_size_phone=&#8220;16px&#8220; header_3_font_size_last_edited=&#8220;off|desktop&#8220; header_3_line_height_tablet=&#8220;1.5em&#8220; header_3_line_height_phone=&#8220;1.6em&#8220; header_3_line_height_last_edited=&#8220;off|desktop&#8220; global_colors_info=&#8220;{}&#8220;]<\/p>\n<h3>HurriClean Pellet Blow-Off ist Teil von Hanenberg Industrial Construction BV<\/h3>\n<p>[\/et_pb_text][et_pb_text _builder_version=&#8220;4.26.0&#8243; _module_preset=&#8220;default&#8220; text_font=&#8220;||||||||&#8220; text_text_color=&#8220;#000000&#8243; text_line_height=&#8220;1.4em&#8220; header_2_line_height=&#8220;1.3em&#8220; header_3_font=&#8220;Autour One|700|||||||&#8220; header_3_text_color=&#8220;#000000&#8243; header_3_line_height=&#8220;1.4em&#8220; hover_enabled=&#8220;0&#8243; text_font_size_tablet=&#8220;&#8220; text_font_size_phone=&#8220;14px&#8220; text_font_size_last_edited=&#8220;on|phone&#8220; text_line_height_tablet=&#8220;1.6em&#8220; text_line_height_phone=&#8220;1.8em&#8220; text_line_height_last_edited=&#8220;on|tablet&#8220; header_2_line_height_tablet=&#8220;1.5em&#8220; header_2_line_height_phone=&#8220;1.6em&#8220; header_2_line_height_last_edited=&#8220;on|desktop&#8220; header_3_font_size_tablet=&#8220;18px&#8220; header_3_font_size_phone=&#8220;16px&#8220; header_3_font_size_last_edited=&#8220;on|phone&#8220; header_3_line_height_tablet=&#8220;1.5em&#8220; header_3_line_height_phone=&#8220;1.6em&#8220; header_3_line_height_last_edited=&#8220;on|phone&#8220; global_colors_info=&#8220;{}&#8220; sticky_enabled=&#8220;0&#8243;]<\/p>\n<p>Nistelrodeseweg 1a<br \/>5406 VB Uden<br \/>Die Niederlande<\/p>\n<p>[\/et_pb_text][et_pb_text _builder_version=&#8220;4.16&#8243; _module_preset=&#8220;default&#8220; text_text_color=&#8220;#000000&#8243; text_line_height=&#8220;1.4em&#8220; header_2_line_height=&#8220;1.3em&#8220; header_3_font=&#8220;|700|||||||&#8220; header_3_text_color=&#8220;#000000&#8243; header_3_font_size=&#8220;16px&#8220; header_3_line_height=&#8220;1.6em&#8220; width=&#8220;500%&#8220; width_tablet=&#8220;210%&#8220; width_phone=&#8220;100%&#8220; width_last_edited=&#8220;on|phone&#8220; custom_margin=&#8220;30px||10px||false|false&#8220; text_font_size_tablet=&#8220;&#8220; text_font_size_phone=&#8220;14px&#8220; text_font_size_last_edited=&#8220;on|phone&#8220; text_line_height_tablet=&#8220;1.6em&#8220; text_line_height_phone=&#8220;1.8em&#8220; text_line_height_last_edited=&#8220;on|tablet&#8220; header_2_line_height_tablet=&#8220;1.5em&#8220; header_2_line_height_phone=&#8220;1.6em&#8220; header_2_line_height_last_edited=&#8220;on|desktop&#8220; header_3_font_size_tablet=&#8220;18px&#8220; header_3_font_size_phone=&#8220;16px&#8220; header_3_font_size_last_edited=&#8220;off|desktop&#8220; header_3_line_height_tablet=&#8220;1.5em&#8220; header_3_line_height_phone=&#8220;1.6em&#8220; header_3_line_height_last_edited=&#8220;off|desktop&#8220; global_colors_info=&#8220;{}&#8220;]<\/p>\n<p>\u00a9 HurriClean Pellet Blow-Off 2021 | <a href=\"#\">Hinweise zum Datenschutz<\/a> | <a href=\"\/wp-content\/uploads\/2021\/05\/20190919-HiB-Algemene-Voorwaarden.pdf\" target=\"_blank\" rel=\"noopener\">Allgemeine Gesch\u00e4ftsbedingungen<\/a><\/p>\n<p>[\/et_pb_text][\/et_pb_column][et_pb_column type=&#8220;1_4&#8243; _builder_version=&#8220;4.16&#8243; _module_preset=&#8220;default&#8220; global_colors_info=&#8220;{}&#8220;][et_pb_text _builder_version=&#8220;4.16&#8243; _module_preset=&#8220;default&#8220; text_line_height=&#8220;1.4em&#8220; header_2_line_height=&#8220;1.3em&#8220; header_3_font=&#8220;|700|||||||&#8220; header_3_text_color=&#8220;#000000&#8243; header_3_font_size=&#8220;16px&#8220; header_3_line_height=&#8220;1.6em&#8220; custom_margin=&#8220;||10px||false|false&#8220; text_font_size_tablet=&#8220;&#8220; text_font_size_phone=&#8220;14px&#8220; text_font_size_last_edited=&#8220;on|phone&#8220; text_line_height_tablet=&#8220;1.6em&#8220; text_line_height_phone=&#8220;1.8em&#8220; text_line_height_last_edited=&#8220;on|tablet&#8220; header_2_line_height_tablet=&#8220;1.5em&#8220; header_2_line_height_phone=&#8220;1.6em&#8220; header_2_line_height_last_edited=&#8220;on|desktop&#8220; locked=&#8220;off&#8220; global_colors_info=&#8220;{}&#8220;][\/et_pb_text][et_pb_text _builder_version=&#8220;4.16&#8243; _module_preset=&#8220;default&#8220; text_font=&#8220;||||||||&#8220; text_text_color=&#8220;#000000&#8243; text_line_height=&#8220;1.4em&#8220; link_text_color=&#8220;#134c5f&#8220; header_2_line_height=&#8220;1.3em&#8220; header_3_font=&#8220;Autour One|700|||||||&#8220; header_3_text_color=&#8220;#000000&#8243; header_3_line_height=&#8220;1.4em&#8220; custom_margin=&#8220;40px||||false|false&#8220; custom_margin_tablet=&#8220;&#8220; custom_margin_phone=&#8220;-20px||||false|false&#8220; custom_margin_last_edited=&#8220;on|phone&#8220; text_font_size_tablet=&#8220;&#8220; text_font_size_phone=&#8220;14px&#8220; text_font_size_last_edited=&#8220;on|phone&#8220; text_line_height_tablet=&#8220;1.6em&#8220; text_line_height_phone=&#8220;1.8em&#8220; text_line_height_last_edited=&#8220;on|tablet&#8220; header_2_line_height_tablet=&#8220;1.5em&#8220; header_2_line_height_phone=&#8220;1.6em&#8220; header_2_line_height_last_edited=&#8220;on|desktop&#8220; header_3_font_size_tablet=&#8220;18px&#8220; header_3_font_size_phone=&#8220;16px&#8220; header_3_font_size_last_edited=&#8220;on|phone&#8220; header_3_line_height_tablet=&#8220;1.5em&#8220; header_3_line_height_phone=&#8220;1.6em&#8220; header_3_line_height_last_edited=&#8220;on|phone&#8220; global_colors_info=&#8220;{}&#8220;]<\/p>\n<p>info@hurricleanpbo.com<br \/>+31 (0)85-7827554<br \/><span>KvK 130.36.466<\/span><\/p>\n<p>[\/et_pb_text][\/et_pb_column][et_pb_column type=&#8220;1_4&#8243; _builder_version=&#8220;4.16&#8243; _module_preset=&#8220;default&#8220; global_colors_info=&#8220;{}&#8220;][\/et_pb_column][et_pb_column type=&#8220;1_4&#8243; _builder_version=&#8220;4.16&#8243; _module_preset=&#8220;default&#8220; global_colors_info=&#8220;{}&#8220;][et_pb_image src=&#8220;https:\/\/www.hurricleanpbo.com\/wp-content\/uploads\/2021\/04\/LogoFooter.svg&#8220; title_text=&#8220;LogoFooter&#8220; _builder_version=&#8220;4.16&#8243; _module_preset=&#8220;default&#8220; global_colors_info=&#8220;{}&#8220;][\/et_pb_image][\/et_pb_column][\/et_pb_row][\/et_pb_section]<\/p>\n","protected":false},"excerpt":{"rendered":"<p>Hurriclean Die L\u00f6sung #1 Zur reinigung der trockenen luft ohne versch\u00fctten von pellets\u00dcber uns Wir haben eine kollektive Verantwortung f\u00fcr unsere Umwelt und m\u00fcssen sicherstellen, dass wir sie mit gr\u00f6\u00dfter Sorgfalt behandeln. Die Hersteller und insbesondere der Petrochemiesektor tragen zunehmend einen Teil dieser Verantwortung. Der Transport von Granulat birgt ein ernstes Risiko des Versch\u00fcttens, und [&hellip;]<\/p>\n","protected":false},"author":1,"featured_media":0,"parent":0,"menu_order":0,"comment_status":"closed","ping_status":"closed","template":"","meta":{"_et_pb_use_builder":"on","_et_pb_old_content":"","_et_gb_content_width":"","inline_featured_image":false,"footnotes":""},"class_list":["post-728","page","type-page","status-publish","hentry"],"yoast_head":"<!-- This site is optimized with the Yoast SEO plugin v27.3 - https:\/\/yoast.com\/product\/yoast-seo-wordpress\/ -->\n<title>HurriClean Pellet Blow-Off - \u00dcber uns<\/title>\n<meta name=\"description\" content=\"Die HurriClean Pellet Blow-Off ist ein bew\u00e4hrtes System und eine effiziente L\u00f6sung, mit der sich der Verlust und die Verbreitung von Kunststoffgranulat in der Umwelt eind\u00e4mmen l\u00e4sst.\" \/>\n<meta name=\"robots\" content=\"index, follow, max-snippet:-1, max-image-preview:large, max-video-preview:-1\" \/>\n<link rel=\"canonical\" href=\"https:\/\/www.hurricleanpbo.com\/de\/ueber-uns\/\" \/>\n<meta property=\"og:locale\" content=\"de_DE\" \/>\n<meta property=\"og:type\" content=\"article\" \/>\n<meta property=\"og:title\" content=\"HurriClean Pellet Blow-Off - \u00dcber uns\" \/>\n<meta property=\"og:description\" content=\"Die HurriClean Pellet Blow-Off ist ein bew\u00e4hrtes System und eine effiziente L\u00f6sung, mit der sich der Verlust und die Verbreitung von Kunststoffgranulat in der Umwelt eind\u00e4mmen l\u00e4sst.\" \/>\n<meta property=\"og:url\" content=\"https:\/\/www.hurricleanpbo.com\/de\/ueber-uns\/\" \/>\n<meta property=\"og:site_name\" content=\"Hurriclean\" \/>\n<meta property=\"article:modified_time\" content=\"2024-08-26T12:57:34+00:00\" \/>\n<meta name=\"twitter:card\" content=\"summary_large_image\" \/>\n<meta name=\"twitter:label1\" content=\"Gesch\u00e4tzte Lesezeit\" \/>\n\t<meta name=\"twitter:data1\" content=\"3\u00a0Minuten\" \/>\n<script type=\"application\/ld+json\" class=\"yoast-schema-graph\">{\"@context\":\"https:\\\/\\\/schema.org\",\"@graph\":[{\"@type\":\"WebPage\",\"@id\":\"https:\\\/\\\/www.hurricleanpbo.com\\\/de\\\/ueber-uns\\\/\",\"url\":\"https:\\\/\\\/www.hurricleanpbo.com\\\/de\\\/ueber-uns\\\/\",\"name\":\"HurriClean Pellet Blow-Off - \u00dcber uns\",\"isPartOf\":{\"@id\":\"https:\\\/\\\/www.hurricleanpbo.com\\\/en\\\/#website\"},\"datePublished\":\"2021-05-10T07:46:09+00:00\",\"dateModified\":\"2024-08-26T12:57:34+00:00\",\"description\":\"Die HurriClean Pellet Blow-Off ist ein bew\u00e4hrtes System und eine effiziente L\u00f6sung, mit der sich der Verlust und die Verbreitung von Kunststoffgranulat in der Umwelt eind\u00e4mmen l\u00e4sst.\",\"breadcrumb\":{\"@id\":\"https:\\\/\\\/www.hurricleanpbo.com\\\/de\\\/ueber-uns\\\/#breadcrumb\"},\"inLanguage\":\"de\",\"potentialAction\":[{\"@type\":\"ReadAction\",\"target\":[\"https:\\\/\\\/www.hurricleanpbo.com\\\/de\\\/ueber-uns\\\/\"]}]},{\"@type\":\"BreadcrumbList\",\"@id\":\"https:\\\/\\\/www.hurricleanpbo.com\\\/de\\\/ueber-uns\\\/#breadcrumb\",\"itemListElement\":[{\"@type\":\"ListItem\",\"position\":1,\"name\":\"Home\",\"item\":\"https:\\\/\\\/www.hurricleanpbo.com\\\/de\\\/\"},{\"@type\":\"ListItem\",\"position\":2,\"name\":\"\u00dcber uns\"}]},{\"@type\":\"WebSite\",\"@id\":\"https:\\\/\\\/www.hurricleanpbo.com\\\/en\\\/#website\",\"url\":\"https:\\\/\\\/www.hurricleanpbo.com\\\/en\\\/\",\"name\":\"Hurriclean\",\"description\":\"Pellet blow-off\",\"potentialAction\":[{\"@type\":\"SearchAction\",\"target\":{\"@type\":\"EntryPoint\",\"urlTemplate\":\"https:\\\/\\\/www.hurricleanpbo.com\\\/en\\\/?s={search_term_string}\"},\"query-input\":{\"@type\":\"PropertyValueSpecification\",\"valueRequired\":true,\"valueName\":\"search_term_string\"}}],\"inLanguage\":\"de\"}]}<\/script>\n<!-- \/ Yoast SEO plugin. -->","yoast_head_json":{"title":"HurriClean Pellet Blow-Off - \u00dcber uns","description":"Die HurriClean Pellet Blow-Off ist ein bew\u00e4hrtes System und eine effiziente L\u00f6sung, mit der sich der Verlust und die Verbreitung von Kunststoffgranulat in der Umwelt eind\u00e4mmen l\u00e4sst.","robots":{"index":"index","follow":"follow","max-snippet":"max-snippet:-1","max-image-preview":"max-image-preview:large","max-video-preview":"max-video-preview:-1"},"canonical":"https:\/\/www.hurricleanpbo.com\/de\/ueber-uns\/","og_locale":"de_DE","og_type":"article","og_title":"HurriClean Pellet Blow-Off - \u00dcber uns","og_description":"Die HurriClean Pellet Blow-Off ist ein bew\u00e4hrtes System und eine effiziente L\u00f6sung, mit der sich der Verlust und die Verbreitung von Kunststoffgranulat in der Umwelt eind\u00e4mmen l\u00e4sst.","og_url":"https:\/\/www.hurricleanpbo.com\/de\/ueber-uns\/","og_site_name":"Hurriclean","article_modified_time":"2024-08-26T12:57:34+00:00","twitter_card":"summary_large_image","twitter_misc":{"Gesch\u00e4tzte Lesezeit":"3\u00a0Minuten"},"schema":{"@context":"https:\/\/schema.org","@graph":[{"@type":"WebPage","@id":"https:\/\/www.hurricleanpbo.com\/de\/ueber-uns\/","url":"https:\/\/www.hurricleanpbo.com\/de\/ueber-uns\/","name":"HurriClean Pellet Blow-Off - \u00dcber uns","isPartOf":{"@id":"https:\/\/www.hurricleanpbo.com\/en\/#website"},"datePublished":"2021-05-10T07:46:09+00:00","dateModified":"2024-08-26T12:57:34+00:00","description":"Die HurriClean Pellet Blow-Off ist ein bew\u00e4hrtes System und eine effiziente L\u00f6sung, mit der sich der Verlust und die Verbreitung von Kunststoffgranulat in der Umwelt eind\u00e4mmen l\u00e4sst.","breadcrumb":{"@id":"https:\/\/www.hurricleanpbo.com\/de\/ueber-uns\/#breadcrumb"},"inLanguage":"de","potentialAction":[{"@type":"ReadAction","target":["https:\/\/www.hurricleanpbo.com\/de\/ueber-uns\/"]}]},{"@type":"BreadcrumbList","@id":"https:\/\/www.hurricleanpbo.com\/de\/ueber-uns\/#breadcrumb","itemListElement":[{"@type":"ListItem","position":1,"name":"Home","item":"https:\/\/www.hurricleanpbo.com\/de\/"},{"@type":"ListItem","position":2,"name":"\u00dcber uns"}]},{"@type":"WebSite","@id":"https:\/\/www.hurricleanpbo.com\/en\/#website","url":"https:\/\/www.hurricleanpbo.com\/en\/","name":"Hurriclean","description":"Pellet blow-off","potentialAction":[{"@type":"SearchAction","target":{"@type":"EntryPoint","urlTemplate":"https:\/\/www.hurricleanpbo.com\/en\/?s={search_term_string}"},"query-input":{"@type":"PropertyValueSpecification","valueRequired":true,"valueName":"search_term_string"}}],"inLanguage":"de"}]}},"_links":{"self":[{"href":"https:\/\/www.hurricleanpbo.com\/de\/wp-json\/wp\/v2\/pages\/728","targetHints":{"allow":["GET"]}}],"collection":[{"href":"https:\/\/www.hurricleanpbo.com\/de\/wp-json\/wp\/v2\/pages"}],"about":[{"href":"https:\/\/www.hurricleanpbo.com\/de\/wp-json\/wp\/v2\/types\/page"}],"author":[{"embeddable":true,"href":"https:\/\/www.hurricleanpbo.com\/de\/wp-json\/wp\/v2\/users\/1"}],"replies":[{"embeddable":true,"href":"https:\/\/www.hurricleanpbo.com\/de\/wp-json\/wp\/v2\/comments?post=728"}],"version-history":[{"count":19,"href":"https:\/\/www.hurricleanpbo.com\/de\/wp-json\/wp\/v2\/pages\/728\/revisions"}],"predecessor-version":[{"id":1625,"href":"https:\/\/www.hurricleanpbo.com\/de\/wp-json\/wp\/v2\/pages\/728\/revisions\/1625"}],"wp:attachment":[{"href":"https:\/\/www.hurricleanpbo.com\/de\/wp-json\/wp\/v2\/media?parent=728"}],"curies":[{"name":"wp","href":"https:\/\/api.w.org\/{rel}","templated":true}]}}