{"id":710,"date":"2021-05-10T08:31:11","date_gmt":"2021-05-10T07:31:11","guid":{"rendered":"https:\/\/www.hurricleanpbo.com\/contacto\/"},"modified":"2024-08-26T13:59:19","modified_gmt":"2024-08-26T12:59:19","slug":"contacto","status":"publish","type":"page","link":"https:\/\/www.hurricleanpbo.com\/es\/contacto\/","title":{"rendered":"Contacto"},"content":{"rendered":"<p>[et_pb_section fb_built=\u00bb1&#8243; module_class=\u00bbblock\u00bb _builder_version=\u00bb4.16&#8243; _module_preset=\u00bbdefault\u00bb background_image=\u00bbhttps:\/\/www.hurricleanpbo.com\/wp-content\/uploads\/2021\/05\/Contact.jpg\u00bb custom_css_before=\u00bb    content: %22%22;||    position: absolute;||    right: 0;||    bottom: 0;||    border-bottom: 150px solid;||    border-left: 150px solid;||    color: #FF5100;\u00bb global_colors_info=\u00bb{}\u00bb][et_pb_row column_structure=\u00bb1_2,1_2&#8243; _builder_version=\u00bb4.16&#8243; _module_preset=\u00bbdefault\u00bb global_colors_info=\u00bb{}\u00bb][et_pb_column type=\u00bb1_2&#8243; _builder_version=\u00bb4.16&#8243; _module_preset=\u00bbdefault\u00bb global_colors_info=\u00bb{}\u00bb][et_pb_text _builder_version=\u00bb4.16&#8243; _module_preset=\u00bbdefault\u00bb header_font=\u00bb|800||on|||||\u00bb header_text_color=\u00bb#FFFFFF\u00bb header_font_size=\u00bb55px\u00bb header_3_font=\u00bb|800|||||||\u00bb header_3_text_color=\u00bbgcid-fd6214f4-fc33-4afa-a9d8-c5fa0951d728&#8243; header_3_font_size=\u00bb45px\u00bb header_4_font=\u00bb|800|||||||\u00bb header_4_text_color=\u00bb#FFFFFF\u00bb header_4_font_size=\u00bb35px\u00bb custom_margin=\u00bb20px||||false|false\u00bb custom_margin_tablet=\u00bb\u00bb custom_margin_phone=\u00bb-20px||||false|false\u00bb custom_margin_last_edited=\u00bbon|phone\u00bb header_font_size_tablet=\u00bb\u00bb header_font_size_phone=\u00bb40px\u00bb header_font_size_last_edited=\u00bbon|phone\u00bb header_3_font_size_tablet=\u00bb\u00bb header_3_font_size_phone=\u00bb35px\u00bb header_3_font_size_last_edited=\u00bbon|phone\u00bb header_4_font_size_tablet=\u00bb\u00bb header_4_font_size_phone=\u00bb30px\u00bb header_4_font_size_last_edited=\u00bbon|phone\u00bb global_colors_info=\u00bb{%22gcid-fd6214f4-fc33-4afa-a9d8-c5fa0951d728%22:%91%22header_3_text_color%22%93}\u00bb]<\/p>\n<h1>Hurriclean<\/h1>\n<h3>La soluci\u00f3n #1<\/h3>\n<h4>Para limpieza con aire seco sin derrames de pellets<\/h4>\n<p>[\/et_pb_text][et_pb_image src=\u00bbhttps:\/\/www.hurricleanpbo.com\/wp-content\/uploads\/2021\/05\/about-header-usps.svg\u00bb title_text=\u00bbabout-header-usps\u00bb _builder_version=\u00bb4.16&#8243; _module_preset=\u00bbdefault\u00bb global_colors_info=\u00bb{}\u00bb][\/et_pb_image][\/et_pb_column][et_pb_column type=\u00bb1_2&#8243; _builder_version=\u00bb4.16&#8243; _module_preset=\u00bbdefault\u00bb global_colors_info=\u00bb{}\u00bb][\/et_pb_column][\/et_pb_row][\/et_pb_section][et_pb_section fb_built=\u00bb1&#8243; _builder_version=\u00bb4.16&#8243; _module_preset=\u00bbdefault\u00bb global_colors_info=\u00bb{}\u00bb][et_pb_row column_structure=\u00bb2_3,1_3&#8243; _builder_version=\u00bb4.16&#8243; _module_preset=\u00bbdefault\u00bb global_colors_info=\u00bb{}\u00bb][et_pb_column type=\u00bb2_3&#8243; _builder_version=\u00bb4.16&#8243; _module_preset=\u00bbdefault\u00bb global_colors_info=\u00bb{}\u00bb][et_pb_text _builder_version=\u00bb4.16&#8243; _module_preset=\u00bbdefault\u00bb header_2_font=\u00bb|700|||||||\u00bb header_2_text_color=\u00bbgcid-f0980653-3f49-448f-83a9-e73837296e9c\u00bb header_2_font_size=\u00bb40px\u00bb header_2_font_size_tablet=\u00bb\u00bb header_2_font_size_phone=\u00bb35px\u00bb header_2_font_size_last_edited=\u00bbon|phone\u00bb global_colors_info=\u00bb{%22gcid-f0980653-3f49-448f-83a9-e73837296e9c%22:%91%22header_2_text_color%22%93}\u00bb]<\/p>\n<h2>Contacta con nosotros<\/h2>\n<p>&nbsp;<br \/>\nSi desea m\u00e1s informaci\u00f3n o concertar una cita le rogamos que complete el formulario de contacto y nos lo env\u00ede. Luego nos comunicaremos con usted lo antes posible.<\/p>\n<p>Naturalmente, si lo desea, tambi\u00e9n existe la posibilidad de ver una instalaci\u00f3n completa y en funcionamiento en consulta.[\/et_pb_text][et_pb_contact_form use_spam_service=\u00bbon\u00bb recaptcha_list=\u00bbHurriCleanPBO|HurriCleanPBO-0&#8243; email=\u00bbinfo@hurricleanpbo.com\u00bb _builder_version=\u00bb4.16&#8243; _module_preset=\u00bbdefault\u00bb _unique_id=\u00bb73c5ad28-6321-45fb-81a5-1ab9a920b984&#8243; global_colors_info=\u00bb{}\u00bb][et_pb_contact_field field_id=\u00bbName\u00bb field_title=\u00bbNombre\u00bb allowed_symbols=\u00bbletters\u00bb fullwidth_field=\u00bbon\u00bb _builder_version=\u00bb4.16&#8243; global_colors_info=\u00bb{}\u00bb button_text_size__hover_enabled=\u00bboff\u00bb button_one_text_size__hover_enabled=\u00bboff\u00bb button_two_text_size__hover_enabled=\u00bboff\u00bb button_text_color__hover_enabled=\u00bboff\u00bb button_one_text_color__hover_enabled=\u00bboff\u00bb button_two_text_color__hover_enabled=\u00bboff\u00bb button_border_width__hover_enabled=\u00bboff\u00bb button_one_border_width__hover_enabled=\u00bboff\u00bb button_two_border_width__hover_enabled=\u00bboff\u00bb button_border_color__hover_enabled=\u00bboff\u00bb button_one_border_color__hover_enabled=\u00bboff\u00bb button_two_border_color__hover_enabled=\u00bboff\u00bb button_border_radius__hover_enabled=\u00bboff\u00bb button_one_border_radius__hover_enabled=\u00bboff\u00bb button_two_border_radius__hover_enabled=\u00bboff\u00bb button_letter_spacing__hover_enabled=\u00bboff\u00bb button_one_letter_spacing__hover_enabled=\u00bboff\u00bb button_two_letter_spacing__hover_enabled=\u00bboff\u00bb button_bg_color__hover_enabled=\u00bboff\u00bb button_one_bg_color__hover_enabled=\u00bboff\u00bb button_two_bg_color__hover_enabled=\u00bboff\u00bb][\/et_pb_contact_field][et_pb_contact_field field_id=\u00bbcompany_name\u00bb field_title=\u00bbNombre de empresa\u00bb fullwidth_field=\u00bbon\u00bb _builder_version=\u00bb4.16&#8243; _module_preset=\u00bbdefault\u00bb global_colors_info=\u00bb{}\u00bb][\/et_pb_contact_field][et_pb_contact_field field_id=\u00bbemail_2&#8243; field_title=\u00bbDirecci\u00f3n de correo electr\u00f3nico\u00bb fullwidth_field=\u00bbon\u00bb _builder_version=\u00bb4.16&#8243; _module_preset=\u00bbdefault\u00bb global_colors_info=\u00bb{}\u00bb][\/et_pb_contact_field][et_pb_contact_field field_id=\u00bbphone\u00bb field_title=\u00bbN\u00famero de tel\u00e9fono\u00bb allowed_symbols=\u00bbnumbers\u00bb fullwidth_field=\u00bbon\u00bb _builder_version=\u00bb4.16&#8243; _module_preset=\u00bbdefault\u00bb global_colors_info=\u00bb{}\u00bb][\/et_pb_contact_field][et_pb_contact_field field_id=\u00bbMessage\u00bb field_title=\u00bbTu mensaje\u00bb field_type=\u00bbtext\u00bb fullwidth_field=\u00bbon\u00bb _builder_version=\u00bb4.16&#8243; global_colors_info=\u00bb{}\u00bb button_text_size__hover_enabled=\u00bboff\u00bb button_one_text_size__hover_enabled=\u00bboff\u00bb button_two_text_size__hover_enabled=\u00bboff\u00bb button_text_color__hover_enabled=\u00bboff\u00bb button_one_text_color__hover_enabled=\u00bboff\u00bb button_two_text_color__hover_enabled=\u00bboff\u00bb button_border_width__hover_enabled=\u00bboff\u00bb button_one_border_width__hover_enabled=\u00bboff\u00bb button_two_border_width__hover_enabled=\u00bboff\u00bb button_border_color__hover_enabled=\u00bboff\u00bb button_one_border_color__hover_enabled=\u00bboff\u00bb button_two_border_color__hover_enabled=\u00bboff\u00bb button_border_radius__hover_enabled=\u00bboff\u00bb button_one_border_radius__hover_enabled=\u00bboff\u00bb button_two_border_radius__hover_enabled=\u00bboff\u00bb button_letter_spacing__hover_enabled=\u00bboff\u00bb button_one_letter_spacing__hover_enabled=\u00bboff\u00bb button_two_letter_spacing__hover_enabled=\u00bboff\u00bb button_bg_color__hover_enabled=\u00bboff\u00bb button_one_bg_color__hover_enabled=\u00bboff\u00bb button_two_bg_color__hover_enabled=\u00bboff\u00bb][\/et_pb_contact_field][\/et_pb_contact_form][\/et_pb_column][et_pb_column type=\u00bb1_3&#8243; _builder_version=\u00bb4.16&#8243; _module_preset=\u00bbdefault\u00bb global_colors_info=\u00bb{}\u00bb][et_pb_image src=\u00bbhttps:\/\/www.hurricleanpbo.com\/wp-content\/uploads\/2021\/05\/AboutUsPicture.svg\u00bb title_text=\u00bbAboutUsPicture\u00bb _builder_version=\u00bb4.16&#8243; _module_preset=\u00bbdefault\u00bb width_tablet=\u00bb35%\u00bb width_phone=\u00bb50%\u00bb width_last_edited=\u00bbon|desktop\u00bb custom_margin_tablet=\u00bb\u00bb custom_margin_phone=\u00bb20px||||false|false\u00bb custom_margin_last_edited=\u00bbon|phone\u00bb global_colors_info=\u00bb{}\u00bb][\/et_pb_image][et_pb_text _builder_version=\u00bb4.16&#8243; _module_preset=\u00bbdefault\u00bb header_3_font=\u00bb|700|||||||\u00bb header_3_text_color=\u00bbgcid-f0980653-3f49-448f-83a9-e73837296e9c\u00bb header_3_font_size=\u00bb25px\u00bb custom_margin=\u00bb||-30px||false|false\u00bb custom_margin_tablet=\u00bb\u00bb custom_margin_phone=\u00bb\u00bb custom_margin_last_edited=\u00bbon|desktop\u00bb global_colors_info=\u00bb{%22gcid-f0980653-3f49-448f-83a9-e73837296e9c%22:%91%22header_3_text_color%22%93}\u00bb]<\/p>\n<h3>Encantado de conocerte!<\/h3>\n<p>No dude en contactarnos en <a href=\"mailto:info@hurricleanpbo.com\">info@hurricleanpbo.com<\/a><\/p>\n<h3>HurriClean Pellet Blow-Off en l\u00ednea<\/h3>\n<p>Mantente en contacto con nosotros en nuestros canales de redes sociales.<\/p>\n<p>&nbsp;<\/p>\n<p>[\/et_pb_text][et_pb_code _builder_version=\u00bb4.16&#8243; _module_preset=\u00bbdefault\u00bb global_colors_info=\u00bb{}\u00bb]<a href=\"https:\/\/www.facebook.com\/HanenbergWegenbouw\/\" target=\"_blank\" class=\"fa fa-facebook\" rel=\"noopener\"><\/a><!-- [et_pb_line_break_holder] --><a href=\"https:\/\/nl.linkedin.com\/company\/hanenberg-wegenbouw\" target=\"_blank\" class=\"fa fa-linkedin\" rel=\"noopener\"><\/a><!-- [et_pb_line_break_holder] --><a href=\"#\" class=\"fa fa-instagram\"><\/a><!-- [et_pb_line_break_holder] --><a href=\"https:\/\/www.youtube.com\/channel\/UCjgPNTty4Ce7fC16rHC-6Cw\" target=\"_blank\" class=\"fa fa-youtube\" rel=\"noopener\"><\/a>[\/et_pb_code][\/et_pb_column][\/et_pb_row][\/et_pb_section][et_pb_section fb_built=\u00bb1&#8243; _builder_version=\u00bb4.16&#8243; _module_preset=\u00bbdefault\u00bb background_color=\u00bbgcid-f0980653-3f49-448f-83a9-e73837296e9c\u00bb background_image=\u00bbhttps:\/\/www.hurricleanpbo.com\/wp-content\/uploads\/2021\/05\/Hurriclean-Maps.png\u00bb height=\u00bb780px\u00bb height_tablet=\u00bb320px\u00bb height_phone=\u00bb250px\u00bb height_last_edited=\u00bbon|phone\u00bb custom_css_before=\u00bb    content: %22%22;||    position: absolute;||    right: 0;||    bottom: 0;||    border-bottom: 150px solid;||    border-left: 150px solid;||    color: #FF5100;\u00bb global_colors_info=\u00bb{%22gcid-f0980653-3f49-448f-83a9-e73837296e9c%22:%91%22background_color%22%93}\u00bb][\/et_pb_section][et_pb_section fb_built=\u00bb1&#8243; admin_label=\u00bbFooter\u00bb _builder_version=\u00bb4.16&#8243; _module_preset=\u00bbdefault\u00bb background_enable_color=\u00bboff\u00bb top_divider_color=\u00bb#ffffff\u00bb top_divider_height=\u00bb80%\u00bb top_divider_flip=\u00bbvertical\u00bb saved_tabs=\u00bball\u00bb locked=\u00bboff\u00bb global_colors_info=\u00bb{}\u00bb][et_pb_row column_structure=\u00bb1_4,1_4,1_4,1_4&#8243; _builder_version=\u00bb4.16&#8243; _module_preset=\u00bbdefault\u00bb global_colors_info=\u00bb{}\u00bb][et_pb_column type=\u00bb1_4&#8243; _builder_version=\u00bb4.16&#8243; _module_preset=\u00bbdefault\u00bb global_colors_info=\u00bb{}\u00bb][et_pb_text _builder_version=\u00bb4.16&#8243; _module_preset=\u00bbdefault\u00bb text_text_color=\u00bb#FFFFFF\u00bb text_line_height=\u00bb1.4em\u00bb header_2_line_height=\u00bb1.3em\u00bb header_3_font=\u00bb|700|||||||\u00bb header_3_text_color=\u00bb#000000&#8243; header_3_font_size=\u00bb16px\u00bb header_3_line_height=\u00bb1.6em\u00bb width=\u00bb500%\u00bb width_tablet=\u00bb200%\u00bb width_phone=\u00bb100%\u00bb width_last_edited=\u00bbon|phone\u00bb custom_margin=\u00bb||10px||false|false\u00bb text_font_size_tablet=\u00bb\u00bb text_font_size_phone=\u00bb14px\u00bb text_font_size_last_edited=\u00bbon|phone\u00bb text_line_height_tablet=\u00bb1.6em\u00bb text_line_height_phone=\u00bb1.8em\u00bb text_line_height_last_edited=\u00bbon|tablet\u00bb header_2_line_height_tablet=\u00bb1.5em\u00bb header_2_line_height_phone=\u00bb1.6em\u00bb header_2_line_height_last_edited=\u00bbon|desktop\u00bb header_3_font_size_tablet=\u00bb18px\u00bb header_3_font_size_phone=\u00bb16px\u00bb header_3_font_size_last_edited=\u00bboff|desktop\u00bb header_3_line_height_tablet=\u00bb1.5em\u00bb header_3_line_height_phone=\u00bb1.6em\u00bb header_3_line_height_last_edited=\u00bboff|desktop\u00bb global_colors_info=\u00bb{}\u00bb]<\/p>\n<h3>HurriClean Pellet Blow-Off forma parte de Hanenberg Industrial Construction BV<\/h3>\n<p>[\/et_pb_text][et_pb_text _builder_version=\u00bb4.26.0&#8243; _module_preset=\u00bbdefault\u00bb text_font=\u00bb||||||||\u00bb text_text_color=\u00bb#000000&#8243; text_line_height=\u00bb1.4em\u00bb header_2_line_height=\u00bb1.3em\u00bb header_3_font=\u00bbAutour One|700|||||||\u00bb header_3_text_color=\u00bb#000000&#8243; header_3_line_height=\u00bb1.4em\u00bb hover_enabled=\u00bb0&#8243; text_font_size_tablet=\u00bb\u00bb text_font_size_phone=\u00bb14px\u00bb text_font_size_last_edited=\u00bbon|phone\u00bb text_line_height_tablet=\u00bb1.6em\u00bb text_line_height_phone=\u00bb1.8em\u00bb text_line_height_last_edited=\u00bbon|tablet\u00bb header_2_line_height_tablet=\u00bb1.5em\u00bb header_2_line_height_phone=\u00bb1.6em\u00bb header_2_line_height_last_edited=\u00bbon|desktop\u00bb header_3_font_size_tablet=\u00bb18px\u00bb header_3_font_size_phone=\u00bb16px\u00bb header_3_font_size_last_edited=\u00bbon|phone\u00bb header_3_line_height_tablet=\u00bb1.5em\u00bb header_3_line_height_phone=\u00bb1.6em\u00bb header_3_line_height_last_edited=\u00bbon|phone\u00bb global_colors_info=\u00bb{}\u00bb sticky_enabled=\u00bb0&#8243;]<\/p>\n<p>Nistelrodeseweg 1a<br \/>5406 VB Uden<br \/>Pa\u00edses Bajos<\/p>\n<p>[\/et_pb_text][et_pb_text _builder_version=\u00bb4.16&#8243; _module_preset=\u00bbdefault\u00bb text_text_color=\u00bb#000000&#8243; text_line_height=\u00bb1.4em\u00bb header_2_line_height=\u00bb1.3em\u00bb header_3_font=\u00bb|700|||||||\u00bb header_3_text_color=\u00bb#000000&#8243; header_3_font_size=\u00bb16px\u00bb header_3_line_height=\u00bb1.6em\u00bb width=\u00bb500%\u00bb width_tablet=\u00bb210%\u00bb width_phone=\u00bb100%\u00bb width_last_edited=\u00bbon|phone\u00bb custom_margin=\u00bb30px||10px||false|false\u00bb text_font_size_tablet=\u00bb\u00bb text_font_size_phone=\u00bb14px\u00bb text_font_size_last_edited=\u00bbon|phone\u00bb text_line_height_tablet=\u00bb1.6em\u00bb text_line_height_phone=\u00bb1.8em\u00bb text_line_height_last_edited=\u00bbon|tablet\u00bb header_2_line_height_tablet=\u00bb1.5em\u00bb header_2_line_height_phone=\u00bb1.6em\u00bb header_2_line_height_last_edited=\u00bbon|desktop\u00bb header_3_font_size_tablet=\u00bb18px\u00bb header_3_font_size_phone=\u00bb16px\u00bb header_3_font_size_last_edited=\u00bboff|desktop\u00bb header_3_line_height_tablet=\u00bb1.5em\u00bb header_3_line_height_phone=\u00bb1.6em\u00bb header_3_line_height_last_edited=\u00bboff|desktop\u00bb global_colors_info=\u00bb{}\u00bb]<\/p>\n<p>\u00a9 HurriClean Pellet Blow-Off 2021 | <a href=\"#\">Pol\u00edtica de privacidad<\/a> | <a href=\"\/wp-content\/uploads\/2021\/05\/20190919-HiB-Algemene-Voorwaarden.pdf\" target=\"_blank\" rel=\"noopener\">Condiciones generales<\/a><\/p>\n<p>[\/et_pb_text][\/et_pb_column][et_pb_column type=\u00bb1_4&#8243; _builder_version=\u00bb4.16&#8243; _module_preset=\u00bbdefault\u00bb global_colors_info=\u00bb{}\u00bb][et_pb_text _builder_version=\u00bb4.16&#8243; _module_preset=\u00bbdefault\u00bb text_line_height=\u00bb1.4em\u00bb header_2_line_height=\u00bb1.3em\u00bb header_3_font=\u00bb|700|||||||\u00bb header_3_text_color=\u00bb#000000&#8243; header_3_font_size=\u00bb16px\u00bb header_3_line_height=\u00bb1.6em\u00bb custom_margin=\u00bb||10px||false|false\u00bb text_font_size_tablet=\u00bb\u00bb text_font_size_phone=\u00bb14px\u00bb text_font_size_last_edited=\u00bbon|phone\u00bb text_line_height_tablet=\u00bb1.6em\u00bb text_line_height_phone=\u00bb1.8em\u00bb text_line_height_last_edited=\u00bbon|tablet\u00bb header_2_line_height_tablet=\u00bb1.5em\u00bb header_2_line_height_phone=\u00bb1.6em\u00bb header_2_line_height_last_edited=\u00bbon|desktop\u00bb locked=\u00bboff\u00bb global_colors_info=\u00bb{}\u00bb][\/et_pb_text][et_pb_text _builder_version=\u00bb4.16&#8243; _module_preset=\u00bbdefault\u00bb text_font=\u00bb||||||||\u00bb text_text_color=\u00bb#000000&#8243; text_line_height=\u00bb1.4em\u00bb link_text_color=\u00bb#134c5f\u00bb header_2_line_height=\u00bb1.3em\u00bb header_3_font=\u00bbAutour One|700|||||||\u00bb header_3_text_color=\u00bb#000000&#8243; header_3_line_height=\u00bb1.4em\u00bb custom_margin=\u00bb40px||||false|false\u00bb custom_margin_tablet=\u00bb\u00bb custom_margin_phone=\u00bb-20px||||false|false\u00bb custom_margin_last_edited=\u00bbon|phone\u00bb text_font_size_tablet=\u00bb\u00bb text_font_size_phone=\u00bb14px\u00bb text_font_size_last_edited=\u00bbon|phone\u00bb text_line_height_tablet=\u00bb1.6em\u00bb text_line_height_phone=\u00bb1.8em\u00bb text_line_height_last_edited=\u00bbon|tablet\u00bb header_2_line_height_tablet=\u00bb1.5em\u00bb header_2_line_height_phone=\u00bb1.6em\u00bb header_2_line_height_last_edited=\u00bbon|desktop\u00bb header_3_font_size_tablet=\u00bb18px\u00bb header_3_font_size_phone=\u00bb16px\u00bb header_3_font_size_last_edited=\u00bbon|phone\u00bb header_3_line_height_tablet=\u00bb1.5em\u00bb header_3_line_height_phone=\u00bb1.6em\u00bb header_3_line_height_last_edited=\u00bbon|phone\u00bb global_colors_info=\u00bb{}\u00bb]<\/p>\n<p>info@hurricleanpbo.com<br \/>+31 (0)85-7827554<br \/><span>KvK 130.36.466<\/span><\/p>\n<p>[\/et_pb_text][\/et_pb_column][et_pb_column type=\u00bb1_4&#8243; _builder_version=\u00bb4.16&#8243; _module_preset=\u00bbdefault\u00bb global_colors_info=\u00bb{}\u00bb][\/et_pb_column][et_pb_column type=\u00bb1_4&#8243; _builder_version=\u00bb4.16&#8243; _module_preset=\u00bbdefault\u00bb global_colors_info=\u00bb{}\u00bb][et_pb_image src=\u00bbhttps:\/\/www.hurricleanpbo.com\/wp-content\/uploads\/2021\/04\/LogoFooter.svg\u00bb title_text=\u00bbLogoFooter\u00bb _builder_version=\u00bb4.16&#8243; _module_preset=\u00bbdefault\u00bb global_colors_info=\u00bb{}\u00bb][\/et_pb_image][\/et_pb_column][\/et_pb_row][\/et_pb_section]<\/p>\n","protected":false},"excerpt":{"rendered":"<p>Hurriclean La soluci\u00f3n #1 Para limpieza con aire seco sin derrames de pelletsContacta con nosotros &nbsp; Si desea m\u00e1s informaci\u00f3n o concertar una cita le rogamos que complete el formulario de contacto y nos lo env\u00ede. Luego nos comunicaremos con usted lo antes posible. Naturalmente, si lo desea, tambi\u00e9n existe la posibilidad de ver una [&hellip;]<\/p>\n","protected":false},"author":1,"featured_media":0,"parent":0,"menu_order":0,"comment_status":"closed","ping_status":"closed","template":"","meta":{"_et_pb_use_builder":"on","_et_pb_old_content":"","_et_gb_content_width":"","inline_featured_image":false,"footnotes":""},"class_list":["post-710","page","type-page","status-publish","hentry"],"yoast_head":"<!-- This site is optimized with the Yoast SEO plugin v27.3 - https:\/\/yoast.com\/product\/yoast-seo-wordpress\/ -->\n<title>Contacto - Hurriclean<\/title>\n<meta name=\"robots\" content=\"index, follow, max-snippet:-1, max-image-preview:large, max-video-preview:-1\" \/>\n<link rel=\"canonical\" href=\"https:\/\/www.hurricleanpbo.com\/es\/contacto\/\" \/>\n<meta property=\"og:locale\" content=\"es_ES\" \/>\n<meta property=\"og:type\" content=\"article\" \/>\n<meta property=\"og:title\" content=\"Contacto - Hurriclean\" \/>\n<meta property=\"og:description\" content=\"Hurriclean La soluci\u00f3n #1 Para limpieza con aire seco sin derrames de pelletsContacta con nosotros &nbsp; Si desea m\u00e1s informaci\u00f3n o concertar una cita le rogamos que complete el formulario de contacto y nos lo env\u00ede. Luego nos comunicaremos con usted lo antes posible. Naturalmente, si lo desea, tambi\u00e9n existe la posibilidad de ver una [&hellip;]\" \/>\n<meta property=\"og:url\" content=\"https:\/\/www.hurricleanpbo.com\/es\/contacto\/\" \/>\n<meta property=\"og:site_name\" content=\"Hurriclean\" \/>\n<meta property=\"article:modified_time\" content=\"2024-08-26T12:59:19+00:00\" \/>\n<meta name=\"twitter:card\" content=\"summary_large_image\" \/>\n<meta name=\"twitter:label1\" content=\"Tiempo de lectura\" \/>\n\t<meta name=\"twitter:data1\" content=\"10 minutos\" \/>\n<script type=\"application\/ld+json\" class=\"yoast-schema-graph\">{\"@context\":\"https:\\\/\\\/schema.org\",\"@graph\":[{\"@type\":\"WebPage\",\"@id\":\"https:\\\/\\\/www.hurricleanpbo.com\\\/es\\\/contacto\\\/\",\"url\":\"https:\\\/\\\/www.hurricleanpbo.com\\\/es\\\/contacto\\\/\",\"name\":\"Contacto - Hurriclean\",\"isPartOf\":{\"@id\":\"https:\\\/\\\/www.hurricleanpbo.com\\\/en\\\/#website\"},\"datePublished\":\"2021-05-10T07:31:11+00:00\",\"dateModified\":\"2024-08-26T12:59:19+00:00\",\"breadcrumb\":{\"@id\":\"https:\\\/\\\/www.hurricleanpbo.com\\\/es\\\/contacto\\\/#breadcrumb\"},\"inLanguage\":\"es\",\"potentialAction\":[{\"@type\":\"ReadAction\",\"target\":[\"https:\\\/\\\/www.hurricleanpbo.com\\\/es\\\/contacto\\\/\"]}]},{\"@type\":\"BreadcrumbList\",\"@id\":\"https:\\\/\\\/www.hurricleanpbo.com\\\/es\\\/contacto\\\/#breadcrumb\",\"itemListElement\":[{\"@type\":\"ListItem\",\"position\":1,\"name\":\"Home\",\"item\":\"https:\\\/\\\/www.hurricleanpbo.com\\\/es\\\/\"},{\"@type\":\"ListItem\",\"position\":2,\"name\":\"Contacto\"}]},{\"@type\":\"WebSite\",\"@id\":\"https:\\\/\\\/www.hurricleanpbo.com\\\/en\\\/#website\",\"url\":\"https:\\\/\\\/www.hurricleanpbo.com\\\/en\\\/\",\"name\":\"Hurriclean\",\"description\":\"Pellet blow-off\",\"potentialAction\":[{\"@type\":\"SearchAction\",\"target\":{\"@type\":\"EntryPoint\",\"urlTemplate\":\"https:\\\/\\\/www.hurricleanpbo.com\\\/en\\\/?s={search_term_string}\"},\"query-input\":{\"@type\":\"PropertyValueSpecification\",\"valueRequired\":true,\"valueName\":\"search_term_string\"}}],\"inLanguage\":\"es\"}]}<\/script>\n<!-- \/ Yoast SEO plugin. -->","yoast_head_json":{"title":"Contacto - Hurriclean","robots":{"index":"index","follow":"follow","max-snippet":"max-snippet:-1","max-image-preview":"max-image-preview:large","max-video-preview":"max-video-preview:-1"},"canonical":"https:\/\/www.hurricleanpbo.com\/es\/contacto\/","og_locale":"es_ES","og_type":"article","og_title":"Contacto - Hurriclean","og_description":"Hurriclean La soluci\u00f3n #1 Para limpieza con aire seco sin derrames de pelletsContacta con nosotros &nbsp; Si desea m\u00e1s informaci\u00f3n o concertar una cita le rogamos que complete el formulario de contacto y nos lo env\u00ede. Luego nos comunicaremos con usted lo antes posible. Naturalmente, si lo desea, tambi\u00e9n existe la posibilidad de ver una [&hellip;]","og_url":"https:\/\/www.hurricleanpbo.com\/es\/contacto\/","og_site_name":"Hurriclean","article_modified_time":"2024-08-26T12:59:19+00:00","twitter_card":"summary_large_image","twitter_misc":{"Tiempo de lectura":"10 minutos"},"schema":{"@context":"https:\/\/schema.org","@graph":[{"@type":"WebPage","@id":"https:\/\/www.hurricleanpbo.com\/es\/contacto\/","url":"https:\/\/www.hurricleanpbo.com\/es\/contacto\/","name":"Contacto - Hurriclean","isPartOf":{"@id":"https:\/\/www.hurricleanpbo.com\/en\/#website"},"datePublished":"2021-05-10T07:31:11+00:00","dateModified":"2024-08-26T12:59:19+00:00","breadcrumb":{"@id":"https:\/\/www.hurricleanpbo.com\/es\/contacto\/#breadcrumb"},"inLanguage":"es","potentialAction":[{"@type":"ReadAction","target":["https:\/\/www.hurricleanpbo.com\/es\/contacto\/"]}]},{"@type":"BreadcrumbList","@id":"https:\/\/www.hurricleanpbo.com\/es\/contacto\/#breadcrumb","itemListElement":[{"@type":"ListItem","position":1,"name":"Home","item":"https:\/\/www.hurricleanpbo.com\/es\/"},{"@type":"ListItem","position":2,"name":"Contacto"}]},{"@type":"WebSite","@id":"https:\/\/www.hurricleanpbo.com\/en\/#website","url":"https:\/\/www.hurricleanpbo.com\/en\/","name":"Hurriclean","description":"Pellet blow-off","potentialAction":[{"@type":"SearchAction","target":{"@type":"EntryPoint","urlTemplate":"https:\/\/www.hurricleanpbo.com\/en\/?s={search_term_string}"},"query-input":{"@type":"PropertyValueSpecification","valueRequired":true,"valueName":"search_term_string"}}],"inLanguage":"es"}]}},"_links":{"self":[{"href":"https:\/\/www.hurricleanpbo.com\/es\/wp-json\/wp\/v2\/pages\/710","targetHints":{"allow":["GET"]}}],"collection":[{"href":"https:\/\/www.hurricleanpbo.com\/es\/wp-json\/wp\/v2\/pages"}],"about":[{"href":"https:\/\/www.hurricleanpbo.com\/es\/wp-json\/wp\/v2\/types\/page"}],"author":[{"embeddable":true,"href":"https:\/\/www.hurricleanpbo.com\/es\/wp-json\/wp\/v2\/users\/1"}],"replies":[{"embeddable":true,"href":"https:\/\/www.hurricleanpbo.com\/es\/wp-json\/wp\/v2\/comments?post=710"}],"version-history":[{"count":21,"href":"https:\/\/www.hurricleanpbo.com\/es\/wp-json\/wp\/v2\/pages\/710\/revisions"}],"predecessor-version":[{"id":1626,"href":"https:\/\/www.hurricleanpbo.com\/es\/wp-json\/wp\/v2\/pages\/710\/revisions\/1626"}],"wp:attachment":[{"href":"https:\/\/www.hurricleanpbo.com\/es\/wp-json\/wp\/v2\/media?parent=710"}],"curies":[{"name":"wp","href":"https:\/\/api.w.org\/{rel}","templated":true}]}}