{"id":734,"date":"2021-05-10T08:52:53","date_gmt":"2021-05-10T07:52:53","guid":{"rendered":"https:\/\/www.hurricleanpbo.com\/sobre-nosotros\/"},"modified":"2024-08-26T14:01:23","modified_gmt":"2024-08-26T13:01:23","slug":"sobre-nosotros","status":"publish","type":"page","link":"https:\/\/www.hurricleanpbo.com\/es\/sobre-nosotros\/","title":{"rendered":"Sobre nosotros"},"content":{"rendered":"<p>[et_pb_section fb_built=\u00bb1&#8243; _builder_version=\u00bb4.16&#8243; _module_preset=\u00bbdefault\u00bb background_image=\u00bbhttps:\/\/www.hurricleanpbo.com\/wp-content\/uploads\/2021\/05\/Aboutus.jpg\u00bb min_height_tablet=\u00bb650px\u00bb min_height_phone=\u00bb\u00bb min_height_last_edited=\u00bbon|tablet\u00bb custom_css_before=\u00bb    content: %22%22;||    position: absolute;||    right: 0;||    bottom: 0;||    border-bottom: 150px solid;||    border-left: 150px solid;||    color: #FF5100;\u00bb global_colors_info=\u00bb{}\u00bb][et_pb_row column_structure=\u00bb1_2,1_2&#8243; _builder_version=\u00bb4.16&#8243; _module_preset=\u00bbdefault\u00bb global_colors_info=\u00bb{}\u00bb][et_pb_column type=\u00bb1_2&#8243; _builder_version=\u00bb4.16&#8243; _module_preset=\u00bbdefault\u00bb global_colors_info=\u00bb{}\u00bb][et_pb_text _builder_version=\u00bb4.16&#8243; _module_preset=\u00bbdefault\u00bb header_font=\u00bb|800||on|||||\u00bb header_text_color=\u00bb#FFFFFF\u00bb header_font_size=\u00bb55px\u00bb header_3_font=\u00bb|800|||||||\u00bb header_3_text_color=\u00bbgcid-fd6214f4-fc33-4afa-a9d8-c5fa0951d728&#8243; header_3_font_size=\u00bb45px\u00bb header_4_font=\u00bb|800|||||||\u00bb header_4_text_color=\u00bb#FFFFFF\u00bb header_4_font_size=\u00bb35px\u00bb custom_margin=\u00bb20px||||false|false\u00bb custom_margin_tablet=\u00bb\u00bb custom_margin_phone=\u00bb-20px||||false|false\u00bb custom_margin_last_edited=\u00bbon|phone\u00bb header_font_size_tablet=\u00bb\u00bb header_font_size_phone=\u00bb40px\u00bb header_font_size_last_edited=\u00bbon|phone\u00bb header_3_font_size_tablet=\u00bb\u00bb header_3_font_size_phone=\u00bb35px\u00bb header_3_font_size_last_edited=\u00bbon|phone\u00bb header_4_font_size_tablet=\u00bb\u00bb header_4_font_size_phone=\u00bb30px\u00bb header_4_font_size_last_edited=\u00bbon|phone\u00bb global_colors_info=\u00bb{%22gcid-fd6214f4-fc33-4afa-a9d8-c5fa0951d728%22:%91%22header_3_text_color%22%93}\u00bb]<\/p>\n<h1>Hurriclean<\/h1>\n<h3>La soluci\u00f3n #1<\/h3>\n<h4>Para limpieza con aire seco sin derrames de pellets<\/h4>\n<p>[\/et_pb_text][et_pb_image src=\u00bbhttps:\/\/www.hurricleanpbo.com\/wp-content\/uploads\/2021\/05\/about-header-usps.svg\u00bb title_text=\u00bbabout-header-usps\u00bb _builder_version=\u00bb4.16&#8243; _module_preset=\u00bbdefault\u00bb global_colors_info=\u00bb{}\u00bb][\/et_pb_image][\/et_pb_column][et_pb_column type=\u00bb1_2&#8243; _builder_version=\u00bb4.16&#8243; _module_preset=\u00bbdefault\u00bb global_colors_info=\u00bb{}\u00bb][\/et_pb_column][\/et_pb_row][\/et_pb_section][et_pb_section fb_built=\u00bb1&#8243; _builder_version=\u00bb4.16&#8243; _module_preset=\u00bbdefault\u00bb global_colors_info=\u00bb{}\u00bb][et_pb_row column_structure=\u00bb1_2,1_2&#8243; _builder_version=\u00bb4.16&#8243; _module_preset=\u00bbdefault\u00bb global_colors_info=\u00bb{}\u00bb][et_pb_column type=\u00bb1_2&#8243; _builder_version=\u00bb4.16&#8243; _module_preset=\u00bbdefault\u00bb global_colors_info=\u00bb{}\u00bb][et_pb_text _builder_version=\u00bb4.16&#8243; _module_preset=\u00bbdefault\u00bb header_2_font=\u00bb|700|||||||\u00bb header_2_text_color=\u00bbgcid-f0980653-3f49-448f-83a9-e73837296e9c\u00bb header_2_font_size=\u00bb40px\u00bb header_2_font_size_tablet=\u00bb\u00bb header_2_font_size_phone=\u00bb35px\u00bb header_2_font_size_last_edited=\u00bbon|phone\u00bb global_colors_info=\u00bb{%22gcid-f0980653-3f49-448f-83a9-e73837296e9c%22:%91%22header_2_text_color%22%93}\u00bb]<\/p>\n<h2>Sobre nosotros<\/h2>\n<p>Tenemos una responsabilidad colectiva por nuestro medio ambiente y debemos asegurarnos de que lo tratamos con el mayor cuidado. Los productores, y el sector petroqu\u00edmico en particular, est\u00e1n asumiendo una parte cada vez mayor de esta responsabilidad. El transporte de gr\u00e1nulos implica un grave riesgo de derrame, y el transporte de pol\u00edmeros en silos est\u00e1 sometido a un escrutinio particularmente intenso.<\/p>\n<p>Los camiones silo y los transportadores de contenedores a granel que salen de los emplazamientos petroqu\u00edmicos pueden derramar pellets durante el viaje, con la contaminaci\u00f3n ambiental como consecuencia muy probable.<\/p>\n<p>En cooperaci\u00f3n con la industria petroqu\u00edmica, nosotros (<strong>Hanenberg Industrial Construction BV<\/strong>) hemos ideado una soluci\u00f3n para evitar que los gr\u00e1nulos de pl\u00e1stico contaminen el medio ambiente.<\/p>\n<p>Hemos dise\u00f1ado e implementado una instalaci\u00f3n de barrido limpio de aire seco espec\u00edfica de la industria que evita toda la contaminaci\u00f3n: HurriClean Pellet Blow-off.<\/p>\n<p>Totalmente compatible con programas conocidos como Operation Clean Sweep\u00ae. Entregamos una soluci\u00f3n plug and play que podemos implementar en aproximadamente 8 semanas despu\u00e9s de realizar el pedido.<\/p>\n<p>[\/et_pb_text][\/et_pb_column][et_pb_column type=\u00bb1_2&#8243; _builder_version=\u00bb4.16&#8243; _module_preset=\u00bbdefault\u00bb global_colors_info=\u00bb{}\u00bb][et_pb_image src=\u00bbhttps:\/\/www.hurricleanpbo.com\/wp-content\/uploads\/2021\/04\/AboutUsLogo.png\u00bb title_text=\u00bbAboutUsLogo\u00bb _builder_version=\u00bb4.16&#8243; _module_preset=\u00bbdefault\u00bb width_tablet=\u00bb75%\u00bb width_phone=\u00bb\u00bb width_last_edited=\u00bbon|tablet\u00bb global_colors_info=\u00bb{}\u00bb][\/et_pb_image][\/et_pb_column][\/et_pb_row][\/et_pb_section][et_pb_section fb_built=\u00bb1&#8243; custom_padding_last_edited=\u00bbon|phone\u00bb _builder_version=\u00bb4.16&#8243; _module_preset=\u00bbdefault\u00bb background_color=\u00bbgcid-f0980653-3f49-448f-83a9-e73837296e9c\u00bb custom_margin_tablet=\u00bb\u00bb custom_margin_phone=\u00bb||||false|false\u00bb custom_margin_last_edited=\u00bbon|tablet\u00bb custom_padding_tablet=\u00bb\u00bb custom_padding_phone=\u00bb|40px||40px|false|false\u00bb custom_css_before=\u00bb    content: %22%22;||    position: absolute;||    right: 0;||    bottom: 0;||    border-bottom: 150px solid;||    border-left: 150px solid;||    color: #FF5100;\u00bb global_colors_info=\u00bb{%22gcid-f0980653-3f49-448f-83a9-e73837296e9c%22:%91%22background_color%22%93}\u00bb][et_pb_row column_structure=\u00bb3_5,2_5&#8243; _builder_version=\u00bb4.16&#8243; _module_preset=\u00bbdefault\u00bb global_colors_info=\u00bb{}\u00bb custom_css_main_element_last_edited=\u00bbon|phone\u00bb custom_css_main_element_tablet=\u00bbdisplay: flex;\u00bb custom_css_main_element_phone=\u00bbdisplay: unset;\u00bb][et_pb_column type=\u00bb3_5&#8243; _builder_version=\u00bb4.16&#8243; _module_preset=\u00bbdefault\u00bb global_colors_info=\u00bb{}\u00bb][et_pb_text _builder_version=\u00bb4.16&#8243; _module_preset=\u00bbdefault\u00bb text_text_color=\u00bb#FFFFFF\u00bb header_2_font=\u00bb|700|||||||\u00bb header_2_text_color=\u00bb#FFFFFF\u00bb header_2_font_size=\u00bb40px\u00bb width_tablet=\u00bb150%\u00bb width_phone=\u00bb100%\u00bb width_last_edited=\u00bbon|tablet\u00bb max_width_tablet=\u00bb\u00bb max_width_phone=\u00bb\u00bb max_width_last_edited=\u00bbon|tablet\u00bb custom_margin=\u00bb|-100px|||false|false\u00bb header_2_font_size_tablet=\u00bb\u00bb header_2_font_size_phone=\u00bb35px\u00bb header_2_font_size_last_edited=\u00bbon|phone\u00bb global_colors_info=\u00bb{}\u00bb]<\/p>\n<h2>Visite un sistema de soplado de pellets HurriClean en funcionamiento<\/h2>\n<p>Si desea m\u00e1s informaci\u00f3n o concertar una cita le rogamos que complete el formulario de contacto y nos lo env\u00ede. Luego nos comunicaremos con usted lo antes posible.<\/p>\n<p>Naturalmente, si lo desea, tambi\u00e9n existe la posibilidad de ver una instalaci\u00f3n completa y en funcionamiento en consulta.<\/p>\n<p>[\/et_pb_text][et_pb_button button_url=\u00bb\/es\/contacto\/\u00bb button_text=\u00bbSolicita una visita\u00bb button_alignment_tablet=\u00bbleft\u00bb button_alignment_phone=\u00bbleft\u00bb button_alignment_last_edited=\u00bbon|phone\u00bb _builder_version=\u00bb4.16&#8243; _module_preset=\u00bbdefault\u00bb custom_button=\u00bbon\u00bb button_text_color=\u00bb#FFFFFF\u00bb button_border_color=\u00bb#FFFFFF\u00bb button_border_radius=\u00bb30px\u00bb button_use_icon=\u00bboff\u00bb button_border_width_last_edited=\u00bboff|desktop\u00bb global_colors_info=\u00bb{%22gcid-fd6214f4-fc33-4afa-a9d8-c5fa0951d728%22:%91%22button_text_color__hover%22%93}\u00bb button_bg_color__hover_enabled=\u00bbon|hover\u00bb button_bg_color__hover=\u00bbrgba(255,255,255,0.87)\u00bb button_bg_enable_color__hover=\u00bbon\u00bb button_text_color__hover_enabled=\u00bbon|hover\u00bb button_text_color__hover=\u00bb#ff5100&#8243;][\/et_pb_button][\/et_pb_column][et_pb_column type=\u00bb2_5&#8243; _builder_version=\u00bb4.16&#8243; _module_preset=\u00bbdefault\u00bb global_colors_info=\u00bb{}\u00bb][et_pb_image src=\u00bbhttps:\/\/www.hurricleanpbo.com\/wp-content\/uploads\/2021\/05\/Middel-5.svg\u00bb title_text=\u00bbMiddel 5&#8243; align=\u00bbcenter\u00bb align_tablet=\u00bbright\u00bb align_phone=\u00bbleft\u00bb align_last_edited=\u00bbon|tablet\u00bb _builder_version=\u00bb4.16&#8243; _module_preset=\u00bbdefault\u00bb max_width=\u00bb120px\u00bb custom_margin_tablet=\u00bb\u00bb custom_margin_phone=\u00bb20px||-20px||false|false\u00bb custom_margin_last_edited=\u00bbon|phone\u00bb global_colors_info=\u00bb{}\u00bb][\/et_pb_image][\/et_pb_column][\/et_pb_row][\/et_pb_section][et_pb_section fb_built=\u00bb1&#8243; admin_label=\u00bbFooter\u00bb _builder_version=\u00bb4.16&#8243; _module_preset=\u00bbdefault\u00bb background_enable_color=\u00bboff\u00bb top_divider_color=\u00bb#ffffff\u00bb top_divider_height=\u00bb80%\u00bb top_divider_flip=\u00bbvertical\u00bb saved_tabs=\u00bball\u00bb locked=\u00bboff\u00bb global_colors_info=\u00bb{}\u00bb][et_pb_row column_structure=\u00bb1_4,1_4,1_4,1_4&#8243; _builder_version=\u00bb4.16&#8243; _module_preset=\u00bbdefault\u00bb global_colors_info=\u00bb{}\u00bb][et_pb_column type=\u00bb1_4&#8243; _builder_version=\u00bb4.16&#8243; _module_preset=\u00bbdefault\u00bb global_colors_info=\u00bb{}\u00bb][et_pb_text _builder_version=\u00bb4.16&#8243; _module_preset=\u00bbdefault\u00bb text_text_color=\u00bb#FFFFFF\u00bb text_line_height=\u00bb1.4em\u00bb header_2_line_height=\u00bb1.3em\u00bb header_3_font=\u00bb|700|||||||\u00bb header_3_text_color=\u00bb#000000&#8243; header_3_font_size=\u00bb16px\u00bb header_3_line_height=\u00bb1.6em\u00bb width=\u00bb500%\u00bb width_tablet=\u00bb200%\u00bb width_phone=\u00bb100%\u00bb width_last_edited=\u00bbon|phone\u00bb custom_margin=\u00bb||10px||false|false\u00bb text_font_size_tablet=\u00bb\u00bb text_font_size_phone=\u00bb14px\u00bb text_font_size_last_edited=\u00bbon|phone\u00bb text_line_height_tablet=\u00bb1.6em\u00bb text_line_height_phone=\u00bb1.8em\u00bb text_line_height_last_edited=\u00bbon|tablet\u00bb header_2_line_height_tablet=\u00bb1.5em\u00bb header_2_line_height_phone=\u00bb1.6em\u00bb header_2_line_height_last_edited=\u00bbon|desktop\u00bb header_3_font_size_tablet=\u00bb18px\u00bb header_3_font_size_phone=\u00bb16px\u00bb header_3_font_size_last_edited=\u00bboff|desktop\u00bb header_3_line_height_tablet=\u00bb1.5em\u00bb header_3_line_height_phone=\u00bb1.6em\u00bb header_3_line_height_last_edited=\u00bboff|desktop\u00bb global_colors_info=\u00bb{}\u00bb]<\/p>\n<h3>HurriClean Pellet Blow-Off forma parte de Hanenberg Industrial Construction BV<\/h3>\n<p>[\/et_pb_text][et_pb_text _builder_version=\u00bb4.26.0&#8243; _module_preset=\u00bbdefault\u00bb text_font=\u00bb||||||||\u00bb text_text_color=\u00bb#000000&#8243; text_line_height=\u00bb1.4em\u00bb header_2_line_height=\u00bb1.3em\u00bb header_3_font=\u00bbAutour One|700|||||||\u00bb header_3_text_color=\u00bb#000000&#8243; header_3_line_height=\u00bb1.4em\u00bb hover_enabled=\u00bb0&#8243; text_font_size_tablet=\u00bb\u00bb text_font_size_phone=\u00bb14px\u00bb text_font_size_last_edited=\u00bbon|phone\u00bb text_line_height_tablet=\u00bb1.6em\u00bb text_line_height_phone=\u00bb1.8em\u00bb text_line_height_last_edited=\u00bbon|tablet\u00bb header_2_line_height_tablet=\u00bb1.5em\u00bb header_2_line_height_phone=\u00bb1.6em\u00bb header_2_line_height_last_edited=\u00bbon|desktop\u00bb header_3_font_size_tablet=\u00bb18px\u00bb header_3_font_size_phone=\u00bb16px\u00bb header_3_font_size_last_edited=\u00bbon|phone\u00bb header_3_line_height_tablet=\u00bb1.5em\u00bb header_3_line_height_phone=\u00bb1.6em\u00bb header_3_line_height_last_edited=\u00bbon|phone\u00bb global_colors_info=\u00bb{}\u00bb sticky_enabled=\u00bb0&#8243;]<\/p>\n<p>Nistelrodeseweg 1a<br \/>5406 VB Uden<br \/>Pa\u00edses Bajos<\/p>\n<p>[\/et_pb_text][et_pb_text _builder_version=\u00bb4.16&#8243; _module_preset=\u00bbdefault\u00bb text_text_color=\u00bb#000000&#8243; text_line_height=\u00bb1.4em\u00bb header_2_line_height=\u00bb1.3em\u00bb header_3_font=\u00bb|700|||||||\u00bb header_3_text_color=\u00bb#000000&#8243; header_3_font_size=\u00bb16px\u00bb header_3_line_height=\u00bb1.6em\u00bb width=\u00bb500%\u00bb width_tablet=\u00bb210%\u00bb width_phone=\u00bb100%\u00bb width_last_edited=\u00bbon|phone\u00bb custom_margin=\u00bb30px||10px||false|false\u00bb text_font_size_tablet=\u00bb\u00bb text_font_size_phone=\u00bb14px\u00bb text_font_size_last_edited=\u00bbon|phone\u00bb text_line_height_tablet=\u00bb1.6em\u00bb text_line_height_phone=\u00bb1.8em\u00bb text_line_height_last_edited=\u00bbon|tablet\u00bb header_2_line_height_tablet=\u00bb1.5em\u00bb header_2_line_height_phone=\u00bb1.6em\u00bb header_2_line_height_last_edited=\u00bbon|desktop\u00bb header_3_font_size_tablet=\u00bb18px\u00bb header_3_font_size_phone=\u00bb16px\u00bb header_3_font_size_last_edited=\u00bboff|desktop\u00bb header_3_line_height_tablet=\u00bb1.5em\u00bb header_3_line_height_phone=\u00bb1.6em\u00bb header_3_line_height_last_edited=\u00bboff|desktop\u00bb global_colors_info=\u00bb{}\u00bb]<\/p>\n<p>\u00a9 HurriClean Pellet Blow-Off 2021 | <a href=\"#\">Pol\u00edtica de privacidad<\/a> | <a href=\"\/wp-content\/uploads\/2021\/05\/20190919-HiB-Algemene-Voorwaarden.pdf\" target=\"_blank\" rel=\"noopener\">Condiciones generales<\/a><\/p>\n<p>[\/et_pb_text][\/et_pb_column][et_pb_column type=\u00bb1_4&#8243; _builder_version=\u00bb4.16&#8243; _module_preset=\u00bbdefault\u00bb global_colors_info=\u00bb{}\u00bb][et_pb_text _builder_version=\u00bb4.16&#8243; _module_preset=\u00bbdefault\u00bb text_line_height=\u00bb1.4em\u00bb header_2_line_height=\u00bb1.3em\u00bb header_3_font=\u00bb|700|||||||\u00bb header_3_text_color=\u00bb#000000&#8243; header_3_font_size=\u00bb16px\u00bb header_3_line_height=\u00bb1.6em\u00bb custom_margin=\u00bb||10px||false|false\u00bb text_font_size_tablet=\u00bb\u00bb text_font_size_phone=\u00bb14px\u00bb text_font_size_last_edited=\u00bbon|phone\u00bb text_line_height_tablet=\u00bb1.6em\u00bb text_line_height_phone=\u00bb1.8em\u00bb text_line_height_last_edited=\u00bbon|tablet\u00bb header_2_line_height_tablet=\u00bb1.5em\u00bb header_2_line_height_phone=\u00bb1.6em\u00bb header_2_line_height_last_edited=\u00bbon|desktop\u00bb locked=\u00bboff\u00bb global_colors_info=\u00bb{}\u00bb][\/et_pb_text][et_pb_text _builder_version=\u00bb4.16&#8243; _module_preset=\u00bbdefault\u00bb text_font=\u00bb||||||||\u00bb text_text_color=\u00bb#000000&#8243; text_line_height=\u00bb1.4em\u00bb link_text_color=\u00bb#134c5f\u00bb header_2_line_height=\u00bb1.3em\u00bb header_3_font=\u00bbAutour One|700|||||||\u00bb header_3_text_color=\u00bb#000000&#8243; header_3_line_height=\u00bb1.4em\u00bb custom_margin=\u00bb40px||||false|false\u00bb custom_margin_tablet=\u00bb\u00bb custom_margin_phone=\u00bb-20px||||false|false\u00bb custom_margin_last_edited=\u00bbon|phone\u00bb text_font_size_tablet=\u00bb\u00bb text_font_size_phone=\u00bb14px\u00bb text_font_size_last_edited=\u00bbon|phone\u00bb text_line_height_tablet=\u00bb1.6em\u00bb text_line_height_phone=\u00bb1.8em\u00bb text_line_height_last_edited=\u00bbon|tablet\u00bb header_2_line_height_tablet=\u00bb1.5em\u00bb header_2_line_height_phone=\u00bb1.6em\u00bb header_2_line_height_last_edited=\u00bbon|desktop\u00bb header_3_font_size_tablet=\u00bb18px\u00bb header_3_font_size_phone=\u00bb16px\u00bb header_3_font_size_last_edited=\u00bbon|phone\u00bb header_3_line_height_tablet=\u00bb1.5em\u00bb header_3_line_height_phone=\u00bb1.6em\u00bb header_3_line_height_last_edited=\u00bbon|phone\u00bb global_colors_info=\u00bb{}\u00bb]<\/p>\n<p>info@hurricleanpbo.com<br \/>+31 (0)85-7827554<br \/><span>KvK 130.36.466<\/span><\/p>\n<p>[\/et_pb_text][\/et_pb_column][et_pb_column type=\u00bb1_4&#8243; _builder_version=\u00bb4.16&#8243; _module_preset=\u00bbdefault\u00bb global_colors_info=\u00bb{}\u00bb][\/et_pb_column][et_pb_column type=\u00bb1_4&#8243; _builder_version=\u00bb4.16&#8243; _module_preset=\u00bbdefault\u00bb global_colors_info=\u00bb{}\u00bb][et_pb_image src=\u00bbhttps:\/\/www.hurricleanpbo.com\/wp-content\/uploads\/2021\/04\/LogoFooter.svg\u00bb title_text=\u00bbLogoFooter\u00bb _builder_version=\u00bb4.16&#8243; _module_preset=\u00bbdefault\u00bb global_colors_info=\u00bb{}\u00bb][\/et_pb_image][\/et_pb_column][\/et_pb_row][\/et_pb_section]<\/p>\n","protected":false},"excerpt":{"rendered":"<p>Hurriclean La soluci\u00f3n #1 Para limpieza con aire seco sin derrames de pelletsSobre nosotros Tenemos una responsabilidad colectiva por nuestro medio ambiente y debemos asegurarnos de que lo tratamos con el mayor cuidado. Los productores, y el sector petroqu\u00edmico en particular, est\u00e1n asumiendo una parte cada vez mayor de esta responsabilidad. El transporte de gr\u00e1nulos [&hellip;]<\/p>\n","protected":false},"author":1,"featured_media":0,"parent":0,"menu_order":0,"comment_status":"closed","ping_status":"closed","template":"","meta":{"_et_pb_use_builder":"on","_et_pb_old_content":"","_et_gb_content_width":"","inline_featured_image":false,"footnotes":""},"class_list":["post-734","page","type-page","status-publish","hentry"],"yoast_head":"<!-- This site is optimized with the Yoast SEO plugin v27.3 - https:\/\/yoast.com\/product\/yoast-seo-wordpress\/ -->\n<title>Sobre nosotros - Hurriclean<\/title>\n<meta name=\"robots\" content=\"index, follow, max-snippet:-1, max-image-preview:large, max-video-preview:-1\" \/>\n<link rel=\"canonical\" href=\"https:\/\/www.hurricleanpbo.com\/es\/sobre-nosotros\/\" \/>\n<meta property=\"og:locale\" content=\"es_ES\" \/>\n<meta property=\"og:type\" content=\"article\" \/>\n<meta property=\"og:title\" content=\"Sobre nosotros - Hurriclean\" \/>\n<meta property=\"og:description\" content=\"Hurriclean La soluci\u00f3n #1 Para limpieza con aire seco sin derrames de pelletsSobre nosotros Tenemos una responsabilidad colectiva por nuestro medio ambiente y debemos asegurarnos de que lo tratamos con el mayor cuidado. Los productores, y el sector petroqu\u00edmico en particular, est\u00e1n asumiendo una parte cada vez mayor de esta responsabilidad. El transporte de gr\u00e1nulos [&hellip;]\" \/>\n<meta property=\"og:url\" content=\"https:\/\/www.hurricleanpbo.com\/es\/sobre-nosotros\/\" \/>\n<meta property=\"og:site_name\" content=\"Hurriclean\" \/>\n<meta property=\"article:modified_time\" content=\"2024-08-26T13:01:23+00:00\" \/>\n<meta name=\"twitter:card\" content=\"summary_large_image\" \/>\n<meta name=\"twitter:label1\" content=\"Tiempo de lectura\" \/>\n\t<meta name=\"twitter:data1\" content=\"9 minutos\" \/>\n<script type=\"application\/ld+json\" class=\"yoast-schema-graph\">{\"@context\":\"https:\\\/\\\/schema.org\",\"@graph\":[{\"@type\":\"WebPage\",\"@id\":\"https:\\\/\\\/www.hurricleanpbo.com\\\/es\\\/sobre-nosotros\\\/\",\"url\":\"https:\\\/\\\/www.hurricleanpbo.com\\\/es\\\/sobre-nosotros\\\/\",\"name\":\"Sobre nosotros - Hurriclean\",\"isPartOf\":{\"@id\":\"https:\\\/\\\/www.hurricleanpbo.com\\\/en\\\/#website\"},\"datePublished\":\"2021-05-10T07:52:53+00:00\",\"dateModified\":\"2024-08-26T13:01:23+00:00\",\"breadcrumb\":{\"@id\":\"https:\\\/\\\/www.hurricleanpbo.com\\\/es\\\/sobre-nosotros\\\/#breadcrumb\"},\"inLanguage\":\"es\",\"potentialAction\":[{\"@type\":\"ReadAction\",\"target\":[\"https:\\\/\\\/www.hurricleanpbo.com\\\/es\\\/sobre-nosotros\\\/\"]}]},{\"@type\":\"BreadcrumbList\",\"@id\":\"https:\\\/\\\/www.hurricleanpbo.com\\\/es\\\/sobre-nosotros\\\/#breadcrumb\",\"itemListElement\":[{\"@type\":\"ListItem\",\"position\":1,\"name\":\"Home\",\"item\":\"https:\\\/\\\/www.hurricleanpbo.com\\\/es\\\/\"},{\"@type\":\"ListItem\",\"position\":2,\"name\":\"Sobre nosotros\"}]},{\"@type\":\"WebSite\",\"@id\":\"https:\\\/\\\/www.hurricleanpbo.com\\\/en\\\/#website\",\"url\":\"https:\\\/\\\/www.hurricleanpbo.com\\\/en\\\/\",\"name\":\"Hurriclean\",\"description\":\"Pellet blow-off\",\"potentialAction\":[{\"@type\":\"SearchAction\",\"target\":{\"@type\":\"EntryPoint\",\"urlTemplate\":\"https:\\\/\\\/www.hurricleanpbo.com\\\/en\\\/?s={search_term_string}\"},\"query-input\":{\"@type\":\"PropertyValueSpecification\",\"valueRequired\":true,\"valueName\":\"search_term_string\"}}],\"inLanguage\":\"es\"}]}<\/script>\n<!-- \/ Yoast SEO plugin. -->","yoast_head_json":{"title":"Sobre nosotros - Hurriclean","robots":{"index":"index","follow":"follow","max-snippet":"max-snippet:-1","max-image-preview":"max-image-preview:large","max-video-preview":"max-video-preview:-1"},"canonical":"https:\/\/www.hurricleanpbo.com\/es\/sobre-nosotros\/","og_locale":"es_ES","og_type":"article","og_title":"Sobre nosotros - Hurriclean","og_description":"Hurriclean La soluci\u00f3n #1 Para limpieza con aire seco sin derrames de pelletsSobre nosotros Tenemos una responsabilidad colectiva por nuestro medio ambiente y debemos asegurarnos de que lo tratamos con el mayor cuidado. Los productores, y el sector petroqu\u00edmico en particular, est\u00e1n asumiendo una parte cada vez mayor de esta responsabilidad. El transporte de gr\u00e1nulos [&hellip;]","og_url":"https:\/\/www.hurricleanpbo.com\/es\/sobre-nosotros\/","og_site_name":"Hurriclean","article_modified_time":"2024-08-26T13:01:23+00:00","twitter_card":"summary_large_image","twitter_misc":{"Tiempo de lectura":"9 minutos"},"schema":{"@context":"https:\/\/schema.org","@graph":[{"@type":"WebPage","@id":"https:\/\/www.hurricleanpbo.com\/es\/sobre-nosotros\/","url":"https:\/\/www.hurricleanpbo.com\/es\/sobre-nosotros\/","name":"Sobre nosotros - Hurriclean","isPartOf":{"@id":"https:\/\/www.hurricleanpbo.com\/en\/#website"},"datePublished":"2021-05-10T07:52:53+00:00","dateModified":"2024-08-26T13:01:23+00:00","breadcrumb":{"@id":"https:\/\/www.hurricleanpbo.com\/es\/sobre-nosotros\/#breadcrumb"},"inLanguage":"es","potentialAction":[{"@type":"ReadAction","target":["https:\/\/www.hurricleanpbo.com\/es\/sobre-nosotros\/"]}]},{"@type":"BreadcrumbList","@id":"https:\/\/www.hurricleanpbo.com\/es\/sobre-nosotros\/#breadcrumb","itemListElement":[{"@type":"ListItem","position":1,"name":"Home","item":"https:\/\/www.hurricleanpbo.com\/es\/"},{"@type":"ListItem","position":2,"name":"Sobre nosotros"}]},{"@type":"WebSite","@id":"https:\/\/www.hurricleanpbo.com\/en\/#website","url":"https:\/\/www.hurricleanpbo.com\/en\/","name":"Hurriclean","description":"Pellet blow-off","potentialAction":[{"@type":"SearchAction","target":{"@type":"EntryPoint","urlTemplate":"https:\/\/www.hurricleanpbo.com\/en\/?s={search_term_string}"},"query-input":{"@type":"PropertyValueSpecification","valueRequired":true,"valueName":"search_term_string"}}],"inLanguage":"es"}]}},"_links":{"self":[{"href":"https:\/\/www.hurricleanpbo.com\/es\/wp-json\/wp\/v2\/pages\/734","targetHints":{"allow":["GET"]}}],"collection":[{"href":"https:\/\/www.hurricleanpbo.com\/es\/wp-json\/wp\/v2\/pages"}],"about":[{"href":"https:\/\/www.hurricleanpbo.com\/es\/wp-json\/wp\/v2\/types\/page"}],"author":[{"embeddable":true,"href":"https:\/\/www.hurricleanpbo.com\/es\/wp-json\/wp\/v2\/users\/1"}],"replies":[{"embeddable":true,"href":"https:\/\/www.hurricleanpbo.com\/es\/wp-json\/wp\/v2\/comments?post=734"}],"version-history":[{"count":18,"href":"https:\/\/www.hurricleanpbo.com\/es\/wp-json\/wp\/v2\/pages\/734\/revisions"}],"predecessor-version":[{"id":1629,"href":"https:\/\/www.hurricleanpbo.com\/es\/wp-json\/wp\/v2\/pages\/734\/revisions\/1629"}],"wp:attachment":[{"href":"https:\/\/www.hurricleanpbo.com\/es\/wp-json\/wp\/v2\/media?parent=734"}],"curies":[{"name":"wp","href":"https:\/\/api.w.org\/{rel}","templated":true}]}}